{"id":19664,"date":"2020-10-13T15:00:32","date_gmt":"2020-10-13T14:00:32","guid":{"rendered":"https:\/\/spinalis-ml.neagencija.eu\/for-healthy-sitting\/"},"modified":"2026-02-11T15:37:18","modified_gmt":"2026-02-11T14:37:18","slug":"for-healthy-sitting","status":"publish","type":"page","link":"https:\/\/spinalis-ml.neagencija.eu\/en\/for-healthy-sitting\/","title":{"rendered":"For healthy sitting"},"content":{"rendered":"\n<h2 class=\"wp-block-heading has-text-align-center\">Active sitting in the comfort of your own home<\/h2>\n\n<div class=\"wp-block-group alignfull has-2-background-color has-background is-layout-constrained wp-block-group-is-layout-constrained\">\n<div class=\"wp-block-columns alignwide is-layout-flex wp-container-core-columns-is-layout-28f84493 wp-block-columns-is-layout-flex\">\n<div class=\"wp-block-column is-layout-flow wp-block-column-is-layout-flow\">\n<figure class=\"wp-block-gallery has-nested-images columns-default is-cropped is-style-faq wp-block-gallery-1 is-layout-flex wp-block-gallery-is-layout-flex\">\n<figure class=\"wp-block-image\"><img decoding=\"async\" src=\"https:\/\/spinalis-ml.neagencija.eu\/wp-content\/uploads\/home-web-v2-low-2-768x512.jpg\" alt=\"A woman in an office chair looks at her mobile phone\"\/><\/figure>\n\n\n\n<figure class=\"wp-block-image\"><img decoding=\"async\" src=\"https:\/\/spinalis-ml.neagencija.eu\/wp-content\/uploads\/\/home-web-v2-low-3-768x512.jpg\" alt=\"A girl sits on an office chair and works with a computer\"\/><\/figure>\n\n\n\n<figure class=\"wp-block-image\"><img decoding=\"async\" src=\"https:\/\/spinalis-ml.neagencija.eu\/wp-content\/uploads\/home-web-v2-low-1-768x512.jpg\" alt=\"A woman and her puppy sitting on an office chair\"\/><\/figure>\n<\/figure>\n<\/div>\n\n\n\n<div class=\"wp-block-column is-layout-flow wp-block-column-is-layout-flow\">\n<h2 class=\"wp-block-heading\">How does the SpinaliS office chair help us?<\/h2>\n\n\n<div id=\"rank-math-faq\" class=\"rank-math-block is-style-accordion\">\n<div class=\"rank-math-list \">\n<div id=\"faq-question-1752152974001\" class=\"rank-math-list-item\">\n<h3 class=\"rank-math-question \">Prepre\u010duje nepravilno dr\u017eo med delom od doma.<\/h3>\n<div class=\"rank-math-answer \">\n\n<p>Pri dolgotrajnem sedenju na navadnem stolu hitro pozabimo na pravilno dr\u017eo in za\u010dnemo hrbtenico kriviti, kar lahko pripelje do prevelikega pritiska na posamezna vretenca in bole\u010din v hrbtu. Pisarni\u0161ki stol SpinaliS s posnemanjem sedenja na fitnes \u017eogi vzpodbuja pravilno sedenje, brez napora, in razbremeni hrbtenico, hkrati pa nudi vrhunsko ergonomsko oporo za sprostitev med sedenjem.<\/p>\n\n<\/div>\n<\/div>\n<div id=\"faq-question-1752153076087\" class=\"rank-math-list-item\">\n<h3 class=\"rank-math-question \">Aktivira mi\u0161ice za bolj\u0161o produktivnost.<\/h3>\n<div class=\"rank-math-answer \">\n\n<p>Z aktivnim sedenjem krepimo mi\u0161ice, vezi ohranjamo pro\u017ene in se izognemo preveliki obremenitvi posameznih delov hrbtenice. Izbolj\u0161a se tudi na\u0161a prekrvavitev, kar pozitivno vpliva na dobro po\u010dutje, ravnote\u017eje, koncentracijo in produktivnost.<\/p>\n\n<\/div>\n<\/div>\n<div id=\"faq-question-1752153087133\" class=\"rank-math-list-item\">\n<h3 class=\"rank-math-question \">Omogo\u010da polno \u017eivljenje, brez bole\u010din.<\/h3>\n<div class=\"rank-math-answer \">\n\n<p>\u0160ele, ko se dobro po\u010dutimo in smo zdravi, lahko v prostem \u010dasu po\u010dnemo to, kar nas izpolnjuje, brez bole\u010din. Pa naj bodo to \u0161portne aktivnosti ali pa pre\u017eivljanje \u010dasa z dru\u017eino.<\/p>\n\n<\/div>\n<\/div>\n<\/div>\n<\/div><\/div>\n<\/div>\n<\/div>\n\n<h2 class=\"wp-block-heading has-text-align-center\">Ergonomic workstation adjustment<\/h2>\n\n<div class=\"wp-block-group alignfull has-2-background-color has-background is-layout-constrained wp-block-group-is-layout-constrained\">\n<div class=\"wp-block-columns alignwide is-layout-flex wp-container-core-columns-is-layout-28f84493 wp-block-columns-is-layout-flex\">\n<div class=\"wp-block-column is-layout-flow wp-block-column-is-layout-flow\">\n<h3 class=\"wp-block-heading\">5 simple steps to set up an ergonomic<br\/>workplace:<\/h3>\n\n\n\n<ul class=\"wp-block-list\">\n<li>Adapt the office chair to the desk<\/li>\n\n\n\n<li>Adjust the layout of the computer screen<\/li>\n\n\n\n<li>Zoom in on a computer mouse and keyboard<\/li>\n\n\n\n<li>Ensure adequate light<\/li>\n\n\n\n<li>Let&#8217;s get moving!<\/li>\n<\/ul>\n\n\n\n<div class=\"wp-block-buttons is-layout-flex wp-block-buttons-is-layout-flex\">\n<div class=\"wp-block-button\"><a class=\"wp-block-button__link wp-element-button\" href=\"https:\/\/spinalis-ml.neagencija.eu\/en\/ergonomic-workstation-adjustment\/\">Read more<\/a><\/div>\n<\/div>\n<\/div>\n\n\n\n<div class=\"wp-block-column is-layout-flow wp-block-column-is-layout-flow\">\n<figure class=\"wp-block-image size-large\"><img loading=\"lazy\" decoding=\"async\" width=\"1024\" height=\"683\" src=\"https:\/\/spinalis-ml.neagencija.eu\/wp-content\/uploads\/punca-dela-na-pisarniskem-stolu-hacker-za-pisalno-mizo-1024x683.jpg\" alt=\"\" class=\"wp-image-6485\" srcset=\"https:\/\/spinalis-ml.neagencija.eu\/wp-content\/uploads\/punca-dela-na-pisarniskem-stolu-hacker-za-pisalno-mizo-1024x683.jpg 1024w, https:\/\/spinalis-ml.neagencija.eu\/wp-content\/uploads\/punca-dela-na-pisarniskem-stolu-hacker-za-pisalno-mizo-300x200.jpg 300w, https:\/\/spinalis-ml.neagencija.eu\/wp-content\/uploads\/punca-dela-na-pisarniskem-stolu-hacker-za-pisalno-mizo-600x400.jpg 600w, https:\/\/spinalis-ml.neagencija.eu\/wp-content\/uploads\/punca-dela-na-pisarniskem-stolu-hacker-za-pisalno-mizo-768x512.jpg 768w, https:\/\/spinalis-ml.neagencija.eu\/wp-content\/uploads\/punca-dela-na-pisarniskem-stolu-hacker-za-pisalno-mizo-1536x1024.jpg 1536w, https:\/\/spinalis-ml.neagencija.eu\/wp-content\/uploads\/punca-dela-na-pisarniskem-stolu-hacker-za-pisalno-mizo-2048x1366.jpg 2048w\" sizes=\"auto, (max-width: 1024px) 100vw, 1024px\" \/><\/figure>\n<\/div>\n<\/div>\n<\/div>\n\n<h2 class=\"wp-block-heading has-text-align-center\">How to choose a good ergonomic chair?<\/h2>\n\n<div class=\"wp-block-group alignfull has-2-background-color has-background is-layout-constrained wp-block-group-is-layout-constrained\">\n<div class=\"wp-block-columns is-layout-flex wp-container-core-columns-is-layout-28f84493 wp-block-columns-is-layout-flex\">\n<div class=\"wp-block-column is-layout-flow wp-block-column-is-layout-flow\">\n<figure class=\"wp-block-image size-full\"><img loading=\"lazy\" decoding=\"async\" width=\"900\" height=\"700\" src=\"https:\/\/spinalis-ml.neagencija.eu\/wp-content\/uploads\/2026\/02\/izbira-pravega-ergonomskega-stola.jpg\" alt=\"\" class=\"wp-image-20602\" style=\"object-fit:cover\" title=\"how-to-choose-a-spinalis-constitution-small\" srcset=\"https:\/\/spinalis-ml.neagencija.eu\/wp-content\/uploads\/2026\/02\/izbira-pravega-ergonomskega-stola.jpg 900w, https:\/\/spinalis-ml.neagencija.eu\/wp-content\/uploads\/2026\/02\/izbira-pravega-ergonomskega-stola-600x467.jpg 600w\" sizes=\"auto, (max-width: 900px) 100vw, 900px\" \/><\/figure>\n<\/div>\n\n\n\n<div class=\"wp-block-column is-layout-flow wp-block-column-is-layout-flow\">\n<h3 class=\"wp-block-heading\">Key features when choosing an ergonomic chair:<\/h3>\n\n\n\n<ul class=\"wp-block-list\">\n<li>The width and depth of the saddle must fit our pelvis<\/li>\n\n\n\n<li>A backrest or lumbar support to support us where needed<\/li>\n\n\n\n<li>Materials should breathe and dissipate heat<\/li>\n\n\n\n<li>Keep chair set-up simple<\/li>\n\n\n\n<li>The chair should allow active sitting<\/li>\n<\/ul>\n\n\n\n<div class=\"wp-block-buttons is-layout-flex wp-block-buttons-is-layout-flex\">\n<div class=\"wp-block-button\"><a class=\"wp-block-button__link wp-element-button\" href=\"https:\/\/spinalis-ml.neagencija.eu\/en\/how-to-choose-a-good-ergonomic-chair\/\">Read more<\/a><\/div>\n<\/div>\n<\/div>\n<\/div>\n<\/div>\n    <figure class=\"wp-block-gallery-carousel swiper-outer gallery-carousel-logos alignwide style-\"  data-block-id=\"block_fa5127d65ba5bf8dd12324dcd9ffecb0\"  data-swiper-id='block_fa5127d65ba5bf8dd12324dcd9ffecb0' data-swiper-defaults=\"gallery_carousel\" data-image_proportion='default' data-swiper_transition='slide' data-swiper_grid_size='default' data-swiper_hide_navigation='1' data-swiper_hide_pagination='1' data-swiper_slides_mobile='1' data-swiper_slides_tablet='3' data-swiper_slides_desktop='4' data-swiper_autoplay_delay='0' data-swiper-defaults='gallery_carousel'>\r\n        \r\n        <div class=\"swiper\">\r\n            <div class=\"swiper-wrapper\">    \r\n                    \r\n                    <div class=\"swiper-slide\">\r\n                        <figure class=\"wp-block-image\">\r\n                            <img loading=\"lazy\" decoding=\"async\" width=\"1024\" height=\"569\" src=\"https:\/\/spinalis-ml.neagencija.eu\/wp-content\/uploads\/tuv-austria-vector-logo-1024x569.jpg\" class=\"attachment-large size-large\" alt=\"Austrian quality certificate for SpinaliS chairs according to the highest standards.\" srcset=\"https:\/\/spinalis-ml.neagencija.eu\/wp-content\/uploads\/tuv-austria-vector-logo-1024x569.jpg 1024w, https:\/\/spinalis-ml.neagencija.eu\/wp-content\/uploads\/tuv-austria-vector-logo-300x167.jpg 300w, https:\/\/spinalis-ml.neagencija.eu\/wp-content\/uploads\/tuv-austria-vector-logo-600x334.jpg 600w, https:\/\/spinalis-ml.neagencija.eu\/wp-content\/uploads\/tuv-austria-vector-logo-280x156.jpg 280w, https:\/\/spinalis-ml.neagencija.eu\/wp-content\/uploads\/tuv-austria-vector-logo-768x427.jpg 768w, https:\/\/spinalis-ml.neagencija.eu\/wp-content\/uploads\/tuv-austria-vector-logo.jpg 1450w\" sizes=\"auto, (max-width: 1024px) 100vw, 1024px\" \/>                                                            <figcaption class=\"wp-element-caption\">Austrian quality certificate for SpinaliS chairs according to the highest standards.<\/figcaption>\r\n                                                    <\/figure>\r\n                    <\/div>\r\n                    \r\n                    <div class=\"swiper-slide\">\r\n                        <figure class=\"wp-block-image\">\r\n                            <img loading=\"lazy\" decoding=\"async\" width=\"502\" height=\"500\" src=\"https:\/\/spinalis-ml.neagencija.eu\/wp-content\/uploads\/guinness-world-records-logo-vector.png\" class=\"attachment-large size-large\" alt=\"Record of sitting for 112 hours on a SpinaliS chair during a radio marathon.\" srcset=\"https:\/\/spinalis-ml.neagencija.eu\/wp-content\/uploads\/guinness-world-records-logo-vector.png 502w, https:\/\/spinalis-ml.neagencija.eu\/wp-content\/uploads\/guinness-world-records-logo-vector-300x299.png 300w, https:\/\/spinalis-ml.neagencija.eu\/wp-content\/uploads\/guinness-world-records-logo-vector-100x100.png 100w, https:\/\/spinalis-ml.neagencija.eu\/wp-content\/uploads\/guinness-world-records-logo-vector-280x279.png 280w, https:\/\/spinalis-ml.neagencija.eu\/wp-content\/uploads\/guinness-world-records-logo-vector-150x150.png 150w\" sizes=\"auto, (max-width: 502px) 100vw, 502px\" \/>                                                            <figcaption class=\"wp-element-caption\">Record of sitting for 112 hours on a SpinaliS chair during a radio marathon.<\/figcaption>\r\n                                                    <\/figure>\r\n                    <\/div>\r\n                    \r\n                    <div class=\"swiper-slide\">\r\n                        <figure class=\"wp-block-image\">\r\n                            <img loading=\"lazy\" decoding=\"async\" width=\"200\" height=\"94\" src=\"https:\/\/spinalis-ml.neagencija.eu\/wp-content\/uploads\/siq.png\" class=\"attachment-large size-large\" alt=\"Slovenian quality certificate for SpinaliS chairs according to the highest standards.\" \/>                                                            <figcaption class=\"wp-element-caption\">Slovenian quality certificate for SpinaliS chairs according to the highest standards.<\/figcaption>\r\n                                                    <\/figure>\r\n                    <\/div>\r\n                    \r\n                    <div class=\"swiper-slide\">\r\n                        <figure class=\"wp-block-image\">\r\n                            <img loading=\"lazy\" decoding=\"async\" width=\"848\" height=\"446\" src=\"https:\/\/spinalis-ml.neagencija.eu\/wp-content\/uploads\/intelektualna-lastnina.png\" class=\"attachment-large size-large\" alt=\"International patent\" srcset=\"https:\/\/spinalis-ml.neagencija.eu\/wp-content\/uploads\/intelektualna-lastnina.png 848w, https:\/\/spinalis-ml.neagencija.eu\/wp-content\/uploads\/intelektualna-lastnina-300x158.png 300w, https:\/\/spinalis-ml.neagencija.eu\/wp-content\/uploads\/intelektualna-lastnina-600x316.png 600w, https:\/\/spinalis-ml.neagencija.eu\/wp-content\/uploads\/intelektualna-lastnina-280x147.png 280w, https:\/\/spinalis-ml.neagencija.eu\/wp-content\/uploads\/intelektualna-lastnina-768x404.png 768w\" sizes=\"auto, (max-width: 848px) 100vw, 848px\" \/>                                                            <figcaption class=\"wp-element-caption\">International patent<\/figcaption>\r\n                                                    <\/figure>\r\n                    <\/div>\r\n                            <\/div>\r\n        <\/div>\r\n        \r\n        <div class=\"swiper-pagination-navigation-wrapper\">\r\n                                    \t\t<\/div>\r\n    \r\n        <!-- <script>new neaBlockSwiper('block_fa5127d65ba5bf8dd12324dcd9ffecb0','gallery_carousel');<\/script> -->\r\n    <\/figure>\r\n\n<h2 class=\"wp-block-heading has-text-align-center\">They say about SpinaliS chairs<\/h2>\n<div class=\"wp-block-nea-posts alignwide style-swiper swiper-outer\"  data-block-id=\"block_b339037771f854760107183f7c6f8f54\" data-swiper-id='block_b339037771f854760107183f7c6f8f54' data-swiper-defaults=\"nea_posts\" data-style='swiper' data-grid_size='default' data-posts_loop='loop-mnenje-short' data-filter_posts_by='categories' data-posts_order_by='rand' data-posts_order='ASC' data-posts_limit='6' data-category_0='49' data-category_1='53' data-swiper_hide_pagination='1' data-swiper_slides_mobile='1' data-swiper_slides_tablet='2' data-swiper_slides_desktop='3' data-swiper_autoplay='1' data-swiper_autoplay_delay='1600' data-unique_id='' data-swiper-defaults='nea_posts'>\r\n    \r\n            <div class=\"swiper\">\r\n            <div class=\"swiper-wrapper\">\r\n                <div class='swiper-slide'><article class=\"post loop-mnenje loop-mnenje-short swiper-slide\">\n\t<a href=\"https:\/\/spinalis-ml.neagencija.eu\/en\/irena-logonder-speech-and-language-therapist\/\">\n        <div class=\"top\">\n            <div class=\"thumb\"><\/div>\n            <div class=\"stars\">\n                <span class=\"star\">\u2605<\/span>\n                <span class=\"star\">\u2605<\/span>\n                <span class=\"star\">\u2605<\/span>\n                <span class=\"star\">\u2605<\/span>\n                <span class=\"star\">\u2605<\/span>\n            <\/div>\n            <h3 class=\"post-title\">Irena Logonder, speech and language therapist<\/h3>\n        <\/div>\n\t\t<div class=\"description\">\n\t\t\t<p>speech and language therapist<\/p>\n\t\t<\/div>\n\t<\/a>\n<\/article><\/div><div class='swiper-slide'><article class=\"post loop-mnenje loop-mnenje-short swiper-slide\">\n\t<a href=\"https:\/\/spinalis-ml.neagencija.eu\/en\/darija-strah-gynaecologist\/\">\n        <div class=\"top\">\n            <div class=\"thumb\"><\/div>\n            <div class=\"stars\">\n                <span class=\"star\">\u2605<\/span>\n                <span class=\"star\">\u2605<\/span>\n                <span class=\"star\">\u2605<\/span>\n                <span class=\"star\">\u2605<\/span>\n                <span class=\"star\">\u2605<\/span>\n            <\/div>\n            <h3 class=\"post-title\">Darija Strah, gynaecologist<\/h3>\n        <\/div>\n\t\t<div class=\"description\">\n\t\t\t<p>Dr. med. specialised in gynaecology and obstetrics <\/p>\n\t\t<\/div>\n\t<\/a>\n<\/article><\/div><div class='swiper-slide'><article class=\"post loop-mnenje loop-mnenje-short swiper-slide\">\n\t<a href=\"https:\/\/spinalis-ml.neagencija.eu\/en\/prof-dr-sci-prof-stjepan-gamulin\/\">\n        <div class=\"top\">\n            <div class=\"thumb\"><\/div>\n            <div class=\"stars\">\n                <span class=\"star\">\u2605<\/span>\n                <span class=\"star\">\u2605<\/span>\n                <span class=\"star\">\u2605<\/span>\n                <span class=\"star\">\u2605<\/span>\n                <span class=\"star\">\u2605<\/span>\n            <\/div>\n            <h3 class=\"post-title\">Prof. Dr. sci. Prof. Stjepan Gamulin<\/h3>\n        <\/div>\n\t\t<div class=\"description\">\n\t\t\t<p>I recommend the SpinaliS chair to anyone suffering from low back pain and as a preventive measure to anyone who is &#8230;<\/p>\n\t\t<\/div>\n\t<\/a>\n<\/article><\/div><div class='swiper-slide'><article class=\"post loop-mnenje loop-mnenje-short swiper-slide\">\n\t<a href=\"https:\/\/spinalis-ml.neagencija.eu\/en\/dr-karl-martin-stalaker-chiropractor-msc-neuroscience\/\">\n        <div class=\"top\">\n            <div class=\"thumb\"><img loading=\"lazy\" decoding=\"async\" width=\"160\" height=\"160\" src=\"https:\/\/spinalis-ml.neagencija.eu\/wp-content\/uploads\/sp-logo.png\" class=\"attachment-large size-large\" alt=\"\" srcset=\"https:\/\/spinalis-ml.neagencija.eu\/wp-content\/uploads\/sp-logo.png 160w, https:\/\/spinalis-ml.neagencija.eu\/wp-content\/uploads\/sp-logo-150x150.png 150w, https:\/\/spinalis-ml.neagencija.eu\/wp-content\/uploads\/sp-logo-100x100.png 100w\" sizes=\"auto, (max-width: 160px) 100vw, 160px\" \/><\/div>\n            <div class=\"stars\">\n                <span class=\"star\">\u2605<\/span>\n                <span class=\"star\">\u2605<\/span>\n                <span class=\"star\">\u2605<\/span>\n                <span class=\"star\">\u2605<\/span>\n                <span class=\"star\">\u2605<\/span>\n            <\/div>\n            <h3 class=\"post-title\">Dr. Karl Martin St\u00e5laker, (Chiropractor, MSc Neuroscience)<\/h3>\n        <\/div>\n\t\t<div class=\"description\">\n\t\t\t<p>Dynamic sitting significantly improves the health and well-being of office workers. It can help to ensure regular &#8230;<\/p>\n\t\t<\/div>\n\t<\/a>\n<\/article><\/div><div class='swiper-slide'><article class=\"post loop-mnenje loop-mnenje-short swiper-slide\">\n\t<a href=\"https:\/\/spinalis-ml.neagencija.eu\/en\/maja-ferme\/\">\n        <div class=\"top\">\n            <div class=\"thumb\"><img loading=\"lazy\" decoding=\"async\" width=\"136\" height=\"136\" src=\"https:\/\/spinalis-ml.neagencija.eu\/wp-content\/uploads\/maja-ferme.jpg\" class=\"attachment-large size-large\" alt=\"Maja Ferme\" srcset=\"https:\/\/spinalis-ml.neagencija.eu\/wp-content\/uploads\/maja-ferme.jpg 136w, https:\/\/spinalis-ml.neagencija.eu\/wp-content\/uploads\/maja-ferme-100x100.jpg 100w\" sizes=\"auto, (max-width: 136px) 100vw, 136px\" \/><\/div>\n            <div class=\"stars\">\n                <span class=\"star\">\u2605<\/span>\n                <span class=\"star\">\u2605<\/span>\n                <span class=\"star\">\u2605<\/span>\n                <span class=\"star\">\u2605<\/span>\n                <span class=\"star\">\u2605<\/span>\n            <\/div>\n            <h3 class=\"post-title\">Maja Ferme<\/h3>\n        <\/div>\n\t\t<div class=\"description\">\n\t\t\t<p>Slovenia&#8217;s most awarded designer<\/p>\n\t\t<\/div>\n\t<\/a>\n<\/article><\/div><div class='swiper-slide'><article class=\"post loop-mnenje loop-mnenje-short swiper-slide\">\n\t<a href=\"https:\/\/spinalis-ml.neagencija.eu\/en\/dusan-pusnik-ophthalmologist\/\">\n        <div class=\"top\">\n            <div class=\"thumb\"><img loading=\"lazy\" decoding=\"async\" width=\"107\" height=\"107\" src=\"https:\/\/spinalis-ml.neagencija.eu\/wp-content\/uploads\/media-uploads-user-opinions-doctors-dusan-pusnik1536665725214214-11.jpg\" class=\"attachment-large size-large\" alt=\"Dr Du\u0161an Pu\u010dnik\" srcset=\"https:\/\/spinalis-ml.neagencija.eu\/wp-content\/uploads\/media-uploads-user-opinions-doctors-dusan-pusnik1536665725214214-11.jpg 107w, https:\/\/spinalis-ml.neagencija.eu\/wp-content\/uploads\/media-uploads-user-opinions-doctors-dusan-pusnik1536665725214214-11-100x100.jpg 100w\" sizes=\"auto, (max-width: 107px) 100vw, 107px\" \/><\/div>\n            <div class=\"stars\">\n                <span class=\"star\">\u2605<\/span>\n                <span class=\"star\">\u2605<\/span>\n                <span class=\"star\">\u2605<\/span>\n                <span class=\"star\">\u2605<\/span>\n                <span class=\"star\">\u2605<\/span>\n            <\/div>\n            <h3 class=\"post-title\">Du\u0161an Pu\u0161nik, ophthalmologist<\/h3>\n        <\/div>\n\t\t<div class=\"description\">\n\t\t\t<p>Dr. med., opthamologist<\/p>\n\t\t<\/div>\n\t<\/a>\n<\/article><\/div>            <\/div>\r\n        <\/div>\r\n        <div class=\"swiper-pagination-navigation-wrapper\">\r\n            <div class=\"swiper-button-prev swiper-button-prev-block_b339037771f854760107183f7c6f8f54\"><\/div>                        <div class=\"swiper-button-next swiper-button-next-block_b339037771f854760107183f7c6f8f54\"><\/div>\t\t<\/div>\r\n            \r\n    \r\n<\/div>\r\n\n<div class=\"wp-block-buttons is-content-justification-center is-layout-flex wp-container-core-buttons-is-layout-a89b3969 wp-block-buttons-is-layout-flex\">\n<div class=\"wp-block-button is-style-arrow\"><a class=\"wp-block-button__link wp-element-button\" href=\"\/?cat_ID=50\">Reviews from satisfied customers<\/a><\/div>\n<\/div>\n\n<div class=\"wp-block-group alignfull is-layout-constrained wp-block-group-is-layout-constrained\">\n<div class=\"wp-block-cover alignfull hide-mobile\"><img loading=\"lazy\" decoding=\"async\" width=\"1920\" height=\"405\" class=\"wp-block-cover__image-background wp-image-2058 size-full\" alt=\"Office chair animation\" src=\"https:\/\/spinalis-ml.neagencija.eu\/wp-content\/uploads\/animacija-desktop.gif\" data-object-fit=\"cover\"><span aria-hidden=\"true\" class=\"wp-block-cover__background has-background-dim-0 has-background-dim\" style=\"background-color:#721313\"><\/span><div class=\"wp-block-cover__inner-container is-layout-constrained wp-block-cover-is-layout-constrained\">\n<div class=\"wp-block-columns is-layout-flex wp-container-core-columns-is-layout-28f84493 wp-block-columns-is-layout-flex\">\n<div class=\"wp-block-column is-layout-flow wp-block-column-is-layout-flow\" style=\"flex-basis:50%\">\n<h2 class=\"wp-block-heading is-style-heading-h1 has-white-color has-text-color has-link-color wp-elements-47dde4d5d52382d56a9206f1dcfa57fa\">Ergonomic solutions for every spine.<\/h2>\n<\/div>\n\n\n\n<div class=\"wp-block-column is-layout-flow wp-block-column-is-layout-flow\" style=\"flex-basis:50%\"><\/div>\n<\/div>\n\n\n\n<div class=\"wp-block-buttons is-layout-flex wp-block-buttons-is-layout-flex\">\n<div class=\"wp-block-button is-style-ozadje-bel\"><a class=\"wp-block-button__link wp-element-button\" href=\"https:\/\/spinalis-ml.neagencija.eu\/ergonomski-stoli\/pisarniski-stoli\/\">Choose your SpinaliS<\/a><\/div>\n<\/div>\n<\/div><\/div>\n\n\n\n<div class=\"wp-block-cover alignfull hide-tablet hide-desktop\"><img loading=\"lazy\" decoding=\"async\" width=\"375\" height=\"480\" class=\"wp-block-cover__image-background wp-image-2060 size-full\" alt=\"Office chairs in red animation\" src=\"https:\/\/spinalis-ml.neagencija.eu\/wp-content\/uploads\/animacija-mobile.gif\" data-object-fit=\"cover\"><span aria-hidden=\"true\" class=\"wp-block-cover__background has-background-dim\" style=\"background-color:#98201f\"><\/span><div class=\"wp-block-cover__inner-container is-layout-constrained wp-block-cover-is-layout-constrained\">\n<h2 class=\"wp-block-heading has-text-align-center is-style-heading-h1 has-white-color has-text-color has-link-color wp-elements-4d9ad4cbac02e48773e5755b38075356\">Ergonomic solutions for every spine.<\/h2>\n\n\n\n<div style=\"height:50vh\" aria-hidden=\"true\" class=\"wp-block-spacer\"><\/div>\n\n\n\n<div class=\"wp-block-buttons is-content-justification-center is-layout-flex wp-container-core-buttons-is-layout-a89b3969 wp-block-buttons-is-layout-flex\">\n<div class=\"wp-block-button is-style-ozadje-bel\"><a class=\"wp-block-button__link wp-element-button\" href=\"https:\/\/spinalis-ml.neagencija.eu\/ergonomski-stoli\/pisarniski-stoli\/\">Get to know your SpinaliS<\/a><\/div>\n<\/div>\n<\/div><\/div>\n<\/div>\n","protected":false},"excerpt":{"rendered":"<p>SpinaliS makes it easier for you to work from home and helps you feel better and concentrate.<\/p>\n","protected":false},"author":1,"featured_media":21055,"parent":0,"menu_order":0,"comment_status":"closed","ping_status":"closed","template":"","meta":{"_acf_changed":false,"footnotes":""},"class_list":["post-19664","page","type-page","status-publish","has-post-thumbnail","hentry"],"acf":[],"_links":{"self":[{"href":"https:\/\/spinalis-ml.neagencija.eu\/en\/wp-json\/wp\/v2\/pages\/19664","targetHints":{"allow":["GET"]}}],"collection":[{"href":"https:\/\/spinalis-ml.neagencija.eu\/en\/wp-json\/wp\/v2\/pages"}],"about":[{"href":"https:\/\/spinalis-ml.neagencija.eu\/en\/wp-json\/wp\/v2\/types\/page"}],"author":[{"embeddable":true,"href":"https:\/\/spinalis-ml.neagencija.eu\/en\/wp-json\/wp\/v2\/users\/1"}],"replies":[{"embeddable":true,"href":"https:\/\/spinalis-ml.neagencija.eu\/en\/wp-json\/wp\/v2\/comments?post=19664"}],"version-history":[{"count":14,"href":"https:\/\/spinalis-ml.neagencija.eu\/en\/wp-json\/wp\/v2\/pages\/19664\/revisions"}],"predecessor-version":[{"id":21057,"href":"https:\/\/spinalis-ml.neagencija.eu\/en\/wp-json\/wp\/v2\/pages\/19664\/revisions\/21057"}],"wp:featuredmedia":[{"embeddable":true,"href":"https:\/\/spinalis-ml.neagencija.eu\/en\/wp-json\/wp\/v2\/media\/21055"}],"wp:attachment":[{"href":"https:\/\/spinalis-ml.neagencija.eu\/en\/wp-json\/wp\/v2\/media?parent=19664"}],"curies":[{"name":"wp","href":"https:\/\/api.w.org\/{rel}","templated":true}]}}