{"id":12679,"date":"2024-09-24T13:04:44","date_gmt":"2024-09-24T12:04:44","guid":{"rendered":"https:\/\/spinalis-ml.neagencija.eu\/?page_id=12679"},"modified":"2024-09-26T13:17:43","modified_gmt":"2024-09-26T12:17:43","slug":"za-zdravnike","status":"publish","type":"page","link":"https:\/\/spinalis-ml.neagencija.eu\/sl\/za-zdravnike\/","title":{"rendered":"Za zdravnike"},"content":{"rendered":"<p><img loading=\"lazy\" decoding=\"async\" width=\"2500\" height=\"1401\" src=\"https:\/\/spinalis-ml.neagencija.eu\/wp-content\/uploads\/dent-header-copy.jpg\" alt=\"\" srcset=\"https:\/\/spinalis-ml.neagencija.eu\/wp-content\/uploads\/dent-header-copy.jpg 2500w, https:\/\/spinalis-ml.neagencija.eu\/wp-content\/uploads\/dent-header-copy-600x336.jpg 600w, https:\/\/spinalis-ml.neagencija.eu\/wp-content\/uploads\/dent-header-copy-1024x574.jpg 1024w, https:\/\/spinalis-ml.neagencija.eu\/wp-content\/uploads\/dent-header-copy-768x430.jpg 768w, https:\/\/spinalis-ml.neagencija.eu\/wp-content\/uploads\/dent-header-copy-1536x861.jpg 1536w, https:\/\/spinalis-ml.neagencija.eu\/wp-content\/uploads\/dent-header-copy-2048x1148.jpg 2048w, https:\/\/spinalis-ml.neagencija.eu\/wp-content\/uploads\/dent-header-copy-300x168.jpg 300w\" sizes=\"auto, (max-width: 2500px) 100vw, 2500px\" \/><br \/>\n\t\t\t\t\t\t\t\t\t\t\t\t\t<img decoding=\"async\" src=\"https:\/\/spinalis-ml.neagencija.eu\/wp-content\/uploads\/delovni-stol-spinalis-dent-poleg-mize-copy.jpg\" title=\"\" alt=\"\" loading=\"lazy\" \/>\t\t\t\t\t\t\t\t\t\t\t\t\t<\/p>\n<h2>AKTIVNO SEDENJE ZA DELO V PRISILNIH POLO\u017dAJIH\u200b<\/h2>\n<h3>Ste zdravnik, zobozdravnik, zobni tehnik, okulist, fizioterapevt ali zaposleni v zdravstvenem sektorju?<\/h3>\n<p style=\"font-weight: 400;\"><strong>Razumemo, kako obremenjujo\u010de je va\u0161e delo za telo.<\/strong> SpinaliS stol Dent smo oblikovali posebej za vas \u2013 za zagotavljanje aktivnega sedenja, ki podpira naravno gibanje tudi v najbolj zahtevnih delovnih pogojih.<\/p>\n<p style=\"font-weight: 400;\"><strong>Ohranite maksimalno mobilnost<\/strong> pri sklanjanju nad pacienti ali delovnimi povr\u0161inami in <strong>zmanj\u0161ajte napetost v hrbtenici<\/strong>.<\/p>\n<p style=\"font-weight: 400;\">SpinaliS vam omogo\u010da, da <strong>skrbite za svoje zdravje<\/strong>, medtem ko vi skrbite za zdravje drugih.<\/p>\n<h2>SPINALIS DENT\u00a0<\/h2>\n<h2>OBLIKOVAN ZA POSEBNA DELOVNA MESTA<\/h2>\n<p>Lorem ipsum dolor sit amet, consectetur adipiscing elit. Ut elit tellus, luctus nec ullamcorper mattis, pulvinar dapibus leo.<\/p>\n<p>\t\t\t\t\t\t\t\t\t\t\t\t\t<img loading=\"lazy\" decoding=\"async\" width=\"585\" height=\"207\" src=\"https:\/\/spinalis-ml.neagencija.eu\/wp-content\/uploads\/krogci.jpg\" alt=\"\" srcset=\"https:\/\/spinalis-ml.neagencija.eu\/wp-content\/uploads\/krogci.jpg 585w, https:\/\/spinalis-ml.neagencija.eu\/wp-content\/uploads\/krogci-300x106.jpg 300w\" sizes=\"auto, (max-width: 585px) 100vw, 585px\" \/><br \/>\n\t\t\t\t\t\t\t\t\t\t\t\t\t<img loading=\"lazy\" decoding=\"async\" width=\"2440\" height=\"1800\" src=\"https:\/\/spinalis-ml.neagencija.eu\/wp-content\/uploads\/dent-features-copy-nobg.png\" alt=\"\" srcset=\"https:\/\/spinalis-ml.neagencija.eu\/wp-content\/uploads\/dent-features-copy-nobg.png 2440w, https:\/\/spinalis-ml.neagencija.eu\/wp-content\/uploads\/dent-features-copy-nobg-600x443.png 600w, https:\/\/spinalis-ml.neagencija.eu\/wp-content\/uploads\/dent-features-copy-nobg-1024x755.png 1024w, https:\/\/spinalis-ml.neagencija.eu\/wp-content\/uploads\/dent-features-copy-nobg-768x567.png 768w, https:\/\/spinalis-ml.neagencija.eu\/wp-content\/uploads\/dent-features-copy-nobg-1536x1133.png 1536w, https:\/\/spinalis-ml.neagencija.eu\/wp-content\/uploads\/dent-features-copy-nobg-2048x1511.png 2048w, https:\/\/spinalis-ml.neagencija.eu\/wp-content\/uploads\/dent-features-copy-nobg-300x221.png 300w\" sizes=\"auto, (max-width: 2440px) 100vw, 2440px\" \/><br \/>\n\t\t\t\t\t\t\t\t\t\t\t\t\t<img loading=\"lazy\" decoding=\"async\" width=\"681\" height=\"1024\" src=\"https:\/\/spinalis-ml.neagencija.eu\/wp-content\/uploads\/Punca-sedi-na-delovnem-stolu-spinalis-dent-681x1024.jpg\" alt=\"Punca sedi na pisarni\u0161kem stolu dent poleg pisalne mize\" srcset=\"https:\/\/spinalis-ml.neagencija.eu\/wp-content\/uploads\/Punca-sedi-na-delovnem-stolu-spinalis-dent-681x1024.jpg 681w, https:\/\/spinalis-ml.neagencija.eu\/wp-content\/uploads\/Punca-sedi-na-delovnem-stolu-spinalis-dent-300x451.jpg 300w, https:\/\/spinalis-ml.neagencija.eu\/wp-content\/uploads\/Punca-sedi-na-delovnem-stolu-spinalis-dent-600x902.jpg 600w, https:\/\/spinalis-ml.neagencija.eu\/wp-content\/uploads\/Punca-sedi-na-delovnem-stolu-spinalis-dent-399x600.jpg 399w, https:\/\/spinalis-ml.neagencija.eu\/wp-content\/uploads\/Punca-sedi-na-delovnem-stolu-spinalis-dent-768x1155.jpg 768w, https:\/\/spinalis-ml.neagencija.eu\/wp-content\/uploads\/Punca-sedi-na-delovnem-stolu-spinalis-dent-1021x1536.jpg 1021w, https:\/\/spinalis-ml.neagencija.eu\/wp-content\/uploads\/Punca-sedi-na-delovnem-stolu-spinalis-dent.jpg 1197w\" sizes=\"auto, (max-width: 681px) 100vw, 681px\" \/>\t\t\t\t\t\t\t\t\t\t\t\t\t<\/p>\n<p>\u010ce \u017eelite zagotoviti <strong>ergonomijo, mobilnost in sterilnost<\/strong> v va\u0161em delovnem okolju, je Spinalis Dent popolna re\u0161itev. Zasnovan je tako, da podpira dolgotrajno sedenje brez obremenjevanja telesa, kar zmanj\u0161uje tveganje za bole\u010dine v hrbtu in omogo\u010da bolj\u0161i nadzor nad va\u0161imi postopki.<\/p>\n<h2>O SpinaliS stolih pravijo<\/h2>\n<h2><a href=\"https:\/\/spinalis-ml.neagencija.eu\/mnenja\/\">Mnenja zadovoljnih strank<\/a><\/h2>\n<p>\t\t\tBrezpla\u010dni preizkus pri vas doma\t\t<\/p>\n<p>\u017delimo si, da izberete najbolj primeren stol zase. Povsem brezpla\u010dno vam ga pripeljemo k vam domov, kjer ga en teden testirate. Z na\u0161imi specialisti se pogovorite o prednostih in pomembnih lastnostih stolov SpinaliS za optimalno izku\u0161njo aktivnega sedenja doma.<\/p>\n<p>\t\t\t<a href=\"https:\/\/spinalis-ml.neagencija.eu\/brezplacni-preizkus\/\"><br \/>\n\t\t\t\t\t\t\t\t\trezerviraj svoj stol<br \/>\n\t\t\t\t\t<\/a><\/p>\n<h2>Presedite na SpinaliS<\/h2>\n<p>\t\t\tErgonomske re\u0161itve za vsako hrbtenico.<br \/>\n\t\t\t<a href=\"\/ergonomski-stoli\/pisarniski-stoli\/\"><br \/>\n\t\t\t\t\t\t\t\t\tIzberite svoj SpinaliS<br \/>\n\t\t\t\t\t<\/a><\/p>\n","protected":false},"excerpt":{"rendered":"<p>AKTIVNO SEDENJE ZA DELO V PRISILNIH POLO\u017dAJIH\u200b Ste zdravnik, zobozdravnik, zobni tehnik, okulist, fizioterapevt ali zaposleni v zdravstvenem sektorju? Razumemo, kako obremenjujo\u010de je va\u0161e delo za telo. SpinaliS stol Dent smo oblikovali posebej za vas \u2013 za zagotavljanje aktivnega sedenja, ki podpira naravno gibanje tudi v najbolj zahtevnih delovnih pogojih. Ohranite maksimalno mobilnost pri sklanjanju [&hellip;]<\/p>\n","protected":false},"author":8,"featured_media":0,"parent":0,"menu_order":0,"comment_status":"closed","ping_status":"closed","template":"","meta":{"_acf_changed":false,"footnotes":""},"class_list":["post-12679","page","type-page","status-publish","hentry"],"acf":[],"_links":{"self":[{"href":"https:\/\/spinalis-ml.neagencija.eu\/sl\/wp-json\/wp\/v2\/pages\/12679","targetHints":{"allow":["GET"]}}],"collection":[{"href":"https:\/\/spinalis-ml.neagencija.eu\/sl\/wp-json\/wp\/v2\/pages"}],"about":[{"href":"https:\/\/spinalis-ml.neagencija.eu\/sl\/wp-json\/wp\/v2\/types\/page"}],"author":[{"embeddable":true,"href":"https:\/\/spinalis-ml.neagencija.eu\/sl\/wp-json\/wp\/v2\/users\/8"}],"replies":[{"embeddable":true,"href":"https:\/\/spinalis-ml.neagencija.eu\/sl\/wp-json\/wp\/v2\/comments?post=12679"}],"version-history":[{"count":0,"href":"https:\/\/spinalis-ml.neagencija.eu\/sl\/wp-json\/wp\/v2\/pages\/12679\/revisions"}],"wp:attachment":[{"href":"https:\/\/spinalis-ml.neagencija.eu\/sl\/wp-json\/wp\/v2\/media?parent=12679"}],"curies":[{"name":"wp","href":"https:\/\/api.w.org\/{rel}","templated":true}]}}