{"id":9652,"date":"2023-10-19T14:19:44","date_gmt":"2023-10-19T13:19:44","guid":{"rendered":"https:\/\/spinalis-ml.neagencija.eu\/?page_id=9652"},"modified":"2023-10-30T08:15:07","modified_gmt":"2023-10-30T07:15:07","slug":"dinamicno-sedenje-test","status":"publish","type":"page","link":"https:\/\/spinalis-ml.neagencija.eu\/sl\/dinamicno-sedenje-test\/","title":{"rendered":"Dinami\u010dno sedenje test"},"content":{"rendered":"<h1>\n<p>Dinami\u010dno sedenje zdru\u017euje spro\u0161\u010deno in aktivno sedenje<br \/>\ntako, da aktivira hrbtne in trebu\u0161ne mi\u0161ice, spodbuja nenehno aktivnost,<br \/>\nrazbremenjuje medvreten\u010dne plo\u0161\u010dice, odpravlja bole\u010dine v hrbtenici ter<br \/>\nizbolj\u0161uje fizi\u010dno kondicijo.<\/p>\n<\/h1>\n<h2>\n<h2>Dva na\u010dina sedenja<\/h2>\n<\/h2>\n<h1>Pisarni\u0161ki stol SpinaliS je zasnovan tako, da omogo\u010da dva na\u010dina sedenja:<\/h1>\n<h1><b>aktivno in spro\u0161\u010deno<\/b>, vendar \u0161e vedno podpira pravilno telesno dr\u017eo.<br \/>\nNa\u010din sedenja med delom lahko enostavno prilagajate tako, da spremenite polo\u017eaj na sedi\u0161\u010du.<\/h1>\n<p>\t\t\t\t\t\t\t\t\t\t\t\t\t\t\t<img decoding=\"async\" width=\"800\" height=\"392\" src=\"https:\/\/spinalis-ml.neagencija.eu\/wp-content\/uploads\/2-nacina-sedenja-2-siva2-1024x502.png\" alt=\"\" loading=\"lazy\" srcset=\"https:\/\/spinalis-ml.neagencija.eu\/wp-content\/uploads\/2-nacina-sedenja-2-siva2-1024x502.png 1024w, https:\/\/spinalis-ml.neagencija.eu\/wp-content\/uploads\/2-nacina-sedenja-2-siva2-600x294.png 600w, https:\/\/spinalis-ml.neagencija.eu\/wp-content\/uploads\/2-nacina-sedenja-2-siva2-768x377.png 768w, https:\/\/spinalis-ml.neagencija.eu\/wp-content\/uploads\/2-nacina-sedenja-2-siva2-1536x754.png 1536w, https:\/\/spinalis-ml.neagencija.eu\/wp-content\/uploads\/2-nacina-sedenja-2-siva2-300x147.png 300w, https:\/\/spinalis-ml.neagencija.eu\/wp-content\/uploads\/2-nacina-sedenja-2-siva2.png 1716w\" sizes=\"auto, (max-width: 800px) 100vw, 800px\" \/><br \/>\n\t\t\t\t\t\t\t\t\t\t\t\t<a tabindex=\"0\">Aktivno sedenje<\/a><\/p>\n<p>Pri aktivnem na\u010dinu sedenja sedimo na sredini sedala, kar pomaga pri ohranjanju ravnote\u017eja. Na\u0161e mi\u0161ice, zlasti mi\u0161ice hrbtne, trebu\u0161ne\u00a0 in\u00a0mi\u0161ice\u00a0medeni\u010dnega dna, ostanejo aktivne in tako ohranjamo pravilno dr\u017eo. To zmanj\u0161uje obremenitev hrbtenice in pomaga prepre\u010devati bole\u010dine v hrbtu.<\/p>\n<p>\t\t\t\t\t\t\t\t\t\t\t\t<a tabindex=\"0\">Spro\u0161\u010deno sedenje <\/a><\/p>\n<p>Spro\u0161\u010den na\u010din sedenja je, ko se presedemo proti zadnjemu delu sede\u017ea in se naslonimo na naslon za hrbet, tako se na\u0161e mi\u0161ice rahlo razbremenijo, vendar zaradi ohranjanja ravnote\u017eja na gibljivem sedalu, \u0161e vedno ohranjamo telo aktivno.<\/p>\n<h2>Pisarni\u0161ki stol SpinaliS je edini stol, ki omogo\u010da udobje modernega pisarni\u0161kega stola, hkrati pa posnema aktivno sedenje na fitnes \u017eogi, ki jo zdravniki in terapevti priporo\u010dajo kot najbolj\u0161i pripomo\u010dek za zdravo sedenje.<br \/>\nS sedenjem na SpinaliS stolu so va\u0161e mi\u0161ice ves \u010das aktivne, ne da bi se morali vi temu posebej posve\u010dati.<\/h2>\n<h2>Pisarni\u0161ki stol \u2013 fitnes \u017eoga \u2013 Spinalis<\/h2>\n<p>\t\t\t<iframe src='\/simulator\/index.html'><\/iframe>\t\t<\/p>\n<p style=\"text-align: center;\">Hrbtenica se pri vsakem nagibu telesa \u201clomi\u201d v kri\u017eu, kar privede do po\u0161kodb in bole\u010din.<\/p>\n<p style=\"text-align: center;\">Sedenje na SpinaliSu posnema sedenje na fitnes \u017eogi.<\/p>\n<p style=\"text-align: center;\">Zaradi gibljivega sede\u017ea, ki sledi nagibu telesa je hrbtenica ves \u010das v pravilnem polo\u017eaju.<\/p>\n<p>\t\t\t\t\t\tCertificiran medicinski pripomo\u010dek<br \/>\n\t\t\t\t\t\t<img decoding=\"async\" src=\"https:\/\/spinalis-ml.neagencija.eu\/wp-content\/uploads\/jazmp-logo.png\" alt=\"\"><br \/>\n\t\t\t\t\t\tTOP 10 ergonomskih pisarni\u0161kih stolov<br \/>\n\t\t\t\t\t\t<img decoding=\"async\" src=\"https:\/\/spinalis-ml.neagencija.eu\/wp-content\/uploads\/21-212679-transparent-the-independent-logo-hd-png-download.png\" alt=\"\"><br \/>\n\t\t\t\t\t\tAvstrijski certifikat kvalitete stolov SpinaliS po najvi\u0161jih standardih.<br \/>\n\t\t\t\t\t\t<img decoding=\"async\" src=\"https:\/\/spinalis-ml.neagencija.eu\/wp-content\/uploads\/tuv-austria-vector-logo-768x427.jpg\" alt=\"\"><br \/>\n\t\t\t\t\t\tRekord sedenja 112 ur na stolu SpinaliS med radio maratonom.<br \/>\n\t\t\t\t\t\t<img decoding=\"async\" src=\"https:\/\/spinalis-ml.neagencija.eu\/wp-content\/uploads\/guinness-world-records-logo-vector.png\" alt=\"\"><br \/>\n\t\t\t\t\t\tSlovenski certifikat kvalitete stolov SpinaliS po najvi\u0161jih standardih.<br \/>\n\t\t\t\t\t\t<img decoding=\"async\" src=\"https:\/\/spinalis-ml.neagencija.eu\/wp-content\/uploads\/siq.png\" alt=\"\"><br \/>\n\t\t\t\t\t\tMednarodni patent<br \/>\n\t\t\t\t\t\t<img decoding=\"async\" src=\"https:\/\/spinalis-ml.neagencija.eu\/wp-content\/uploads\/intelektualna-lastnina-768x404.png\" alt=\"\"><br \/>\n\t\t\tBrezpla\u010dni preizkus pri vas doma\t\t<\/p>\n<p>\u017delimo si, da izberete najbolj primeren stol zase. Povsem brezpla\u010dno vam ga pripeljemo k vam domov, kjer ga en teden testirate. Z na\u0161imi specialisti se pogovorite o prednostih in pomembnih lastnostih stolov SpinaliS za optimalno izku\u0161njo aktivnega sedenja doma.<\/p>\n<p>\t\t\t<a href=\"https:\/\/spinalis-ml.neagencija.eu\/brezplacni-preizkus\/\"><br \/>\n\t\t\t\t\t\trezerviraj svoj stol<br \/>\n\t\t\t\t\t<\/a><\/p>\n<h2>O SpinaliS stolih pravijo<\/h2>\n<h2><a href=\"https:\/\/spinalis-ml.neagencija.eu\/mnenja\/\">Mnenja zadovoljnih strank<\/a><\/h2>\n<h2>Presedite na SpinaliS<\/h2>\n<p>\t\t\tErgonomske re\u0161itve za vsako hrbtenico.<br \/>\n\t\t\t<a href=\"\/ergonomski-stoli\/pisarniski-stoli\/\"><br \/>\n\t\t\t\t\t\tIzberite svoj SpinaliS<br \/>\n\t\t\t\t\t<\/a><\/p>\n<h2>Presedite na SpinaliS<\/h2>\n<p>\t\t\t<a href=\"\/ergonomski-stoli\/pisarniski-stoli\/\"><br \/>\n\t\t\t\t\t\tSpoznajte svoj SpinaliS<br \/>\n\t\t\t\t\t<\/a><\/p>\n","protected":false},"excerpt":{"rendered":"<p>za aktivno \u017eivljenje<\/p>\n","protected":false},"author":13,"featured_media":0,"parent":0,"menu_order":0,"comment_status":"closed","ping_status":"closed","template":"template-parts\/page-with-header.php","meta":{"_acf_changed":false,"footnotes":""},"class_list":["post-9652","page","type-page","status-publish","hentry"],"acf":[],"_links":{"self":[{"href":"https:\/\/spinalis-ml.neagencija.eu\/sl\/wp-json\/wp\/v2\/pages\/9652","targetHints":{"allow":["GET"]}}],"collection":[{"href":"https:\/\/spinalis-ml.neagencija.eu\/sl\/wp-json\/wp\/v2\/pages"}],"about":[{"href":"https:\/\/spinalis-ml.neagencija.eu\/sl\/wp-json\/wp\/v2\/types\/page"}],"author":[{"embeddable":true,"href":"https:\/\/spinalis-ml.neagencija.eu\/sl\/wp-json\/wp\/v2\/users\/13"}],"replies":[{"embeddable":true,"href":"https:\/\/spinalis-ml.neagencija.eu\/sl\/wp-json\/wp\/v2\/comments?post=9652"}],"version-history":[{"count":0,"href":"https:\/\/spinalis-ml.neagencija.eu\/sl\/wp-json\/wp\/v2\/pages\/9652\/revisions"}],"wp:attachment":[{"href":"https:\/\/spinalis-ml.neagencija.eu\/sl\/wp-json\/wp\/v2\/media?parent=9652"}],"curies":[{"name":"wp","href":"https:\/\/api.w.org\/{rel}","templated":true}]}}